{"id":84,"date":"2013-05-21T13:53:13","date_gmt":"2013-05-21T12:53:13","guid":{"rendered":"http:\/\/insalada.hydrus.uberspace.de\/blog\/?page_id=84"},"modified":"2015-03-08T23:26:22","modified_gmt":"2015-03-08T22:26:22","slug":"impressum","status":"publish","type":"page","link":"https:\/\/juliennehls.de\/blog\/impressum","title":{"rendered":"Impressum"},"content":{"rendered":"<p><strong>Kontakt:<\/strong><br \/>\n<em>hi[\u00e4t]juliennehls[punkt]de<\/em><\/p>\n<p><strong>Inhaltlich verantwortlich:<\/strong><em><br \/>\nJulien Nehls<br \/>\n08451 Crimmitschau<\/em><em><br \/>\nhi[\u00e4t]juliennehls[punkt]de<\/em><\/p>\n<p><strong>Haftungsausschluss:<\/strong><em><br \/>\nWir \u00fcbernehmen keine Haftung f\u00fcr die Inhalte der von uns verlinkten Seiten. Zwar pr\u00fcfen wir Links bei der Ver\u00f6ffentlichung auf juristische Unbedenklichkeit \u2013 doch sollte sich an diesem Zustand etwas \u00e4ndern, also die verlinkten Seiten gegen geltende Gesetze versto\u00dfen oder Rechte Dritter verletzen, und wir selbiges bemerken, entfernen wir die Verlinkungen sofort. Sollte einer unserer Besucher und Leser etwas derartiges bemerken, so w\u00fcrden wir uns \u00fcber eine Mitteilung freuen.<\/em><\/p>\n<p><em><\/em><strong>Kommentarfunktion:<\/strong><em><br \/>\nF\u00fcr die Inhalte der Kommentare auf unserer Seite, zeichnen sich die\u00a0 Kommentatoren verantwortlich. Wir setzen voraus, dass unsere Besucher respektvoll und sachlich miteinander umgehen. Werbung und Verlinkungen auf kommerzielle Angebote, die in keinem erkennbaren Zusammenhang mit dem Inhalt des Artikels stehen, sind verboten.<br \/>\nWir behalten uns die M\u00f6glichkeit der L\u00f6schung und Moderation von Kommentaren vor.<\/em><\/p>\n<p><strong>Datenschutzhinweis:<\/strong><em><br \/>\nDiese Website benutzt Google Analytics, einen Webanalysedienst der Google Inc. (\u201cGoogle\u201d). Google Analytics verwendet sog. \u201cCookies\u201d, Textdateien, die auf Ihrem Computer gespeichert werden und die eine Analyse der Benutzung der Website durch Sie erm\u00f6glichen. Die durch den Cookie erzeugten Informationen \u00fcber Ihre Benutzung dieser Website (einschlie\u00dflich Ihrer IP-Adresse) wird an einen Server von Google in den USA \u00fcbertragen und dort gespeichert. Google wird diese Informationen benutzen, um Ihre Nutzung der Website auszuwerten, um Reports \u00fcber die Websiteaktivit\u00e4ten f\u00fcr die Websitebetreiber zusammenzustellen und um weitere mit der Websitenutzung und der Internetnutzung verbundene Dienstleistungen zu erbringen. Auch wird Google diese Informationen gegebenenfalls an Dritte \u00fcbertragen, sofern dies gesetzlich vorgeschrieben oder soweit Dritte diese Daten im Auftrag von Google verarbeiten. Google wird in keinem Fall Ihre IP-Adresse mit anderen Daten von Google in Verbindung bringen. Sie k\u00f6nnen die Installation der Cookies durch eine entsprechende Einstellung Ihrer Browser Software verhindern; wir weisen Sie jedoch darauf hin, dass Sie in diesem Fall gegebenenfalls nicht s\u00e4mtliche Funktionen dieser Website vollumf\u00e4nglich nutzen k\u00f6nnen. Durch die Nutzung dieser Website erkl\u00e4ren Sie sich mit der Bearbeitung der \u00fcber Sie erhobenen Daten durch Google in der zuvor beschriebenen Art und Weise und zu dem zuvor benannten Zweck einverstanden.<\/em><\/p>\n<p><strong>Werbung:<\/strong><br \/>\n<em>Werbung auf \u201cjuliennehls.de\u201d ist als solche gekennzeichnet. Einflussnahme auf unsere Inhalte seitens der Werbetreibenden findet nicht statt.<\/em><br \/>\n<em>Julien Nehls ist Teilnehmer des Partnerprogramms von Amazon Europe S.\u00e0 r.l. und Partner des Werbeprogramms, das zur Bereitstellung eines Mediums f\u00fcr Websites konzipiert wurde, mittels dessen durch die Platzierung von Werbeanzeigen und Links zu\u00a0 Amazon.de Werbekostenerstattung verdient werden kann.<\/em><\/p>\n","protected":false},"excerpt":{"rendered":"<p>Kontakt: hi[\u00e4t]juliennehls[punkt]de Inhaltlich verantwortlich: Julien Nehls 08451 Crimmitschau hi[\u00e4t]juliennehls[punkt]de Haftungsausschluss: Wir \u00fcbernehmen keine Haftung f\u00fcr die Inhalte der von uns verlinkten Seiten. Zwar pr\u00fcfen wir Links bei der Ver\u00f6ffentlichung auf juristische Unbedenklichkeit \u2013 doch sollte sich an diesem Zustand etwas \u00e4ndern, also die verlinkten Seiten gegen geltende Gesetze versto\u00dfen oder Rechte Dritter verletzen, und wir &hellip; <a href=\"https:\/\/juliennehls.de\/blog\/impressum\" class=\"more-link\"><span class=\"screen-reader-text\">Impressum<\/span> weiterlesen<\/a><\/p>\n","protected":false},"author":1,"featured_media":0,"parent":0,"menu_order":0,"comment_status":"closed","ping_status":"closed","template":"","meta":[],"_links":{"self":[{"href":"https:\/\/juliennehls.de\/blog\/wp-json\/wp\/v2\/pages\/84"}],"collection":[{"href":"https:\/\/juliennehls.de\/blog\/wp-json\/wp\/v2\/pages"}],"about":[{"href":"https:\/\/juliennehls.de\/blog\/wp-json\/wp\/v2\/types\/page"}],"author":[{"embeddable":true,"href":"https:\/\/juliennehls.de\/blog\/wp-json\/wp\/v2\/users\/1"}],"replies":[{"embeddable":true,"href":"https:\/\/juliennehls.de\/blog\/wp-json\/wp\/v2\/comments?post=84"}],"version-history":[{"count":4,"href":"https:\/\/juliennehls.de\/blog\/wp-json\/wp\/v2\/pages\/84\/revisions"}],"predecessor-version":[{"id":127,"href":"https:\/\/juliennehls.de\/blog\/wp-json\/wp\/v2\/pages\/84\/revisions\/127"}],"wp:attachment":[{"href":"https:\/\/juliennehls.de\/blog\/wp-json\/wp\/v2\/media?parent=84"}],"curies":[{"name":"wp","href":"https:\/\/api.w.org\/{rel}","templated":true}]}}